{"id":518,"date":"2026-02-26T16:40:24","date_gmt":"2026-02-26T16:40:24","guid":{"rendered":"https:\/\/fisiosedavi.es\/?page_id=518"},"modified":"2026-02-26T16:40:26","modified_gmt":"2026-02-26T16:40:26","slug":"reservas","status":"publish","type":"page","link":"https:\/\/fisiosedavi.es\/index.php\/reservas\/","title":{"rendered":"Reservas"},"content":{"rendered":"","protected":false},"excerpt":{"rendered":"","protected":false},"author":1,"featured_media":0,"parent":0,"menu_order":0,"comment_status":"closed","ping_status":"closed","template":"","meta":{"footnotes":""},"class_list":["post-518","page","type-page","status-publish","hentry"],"yoast_head":"<!-- This site is optimized with the Yoast SEO plugin v26.9 - https:\/\/yoast.com\/product\/yoast-seo-wordpress\/ -->\n<title>Reservas - FisioSedav\u00ed<\/title>\n<meta name=\"robots\" content=\"index, follow, max-snippet:-1, max-image-preview:large, max-video-preview:-1\" \/>\n<link rel=\"canonical\" href=\"https:\/\/fisiosedavi.es\/index.php\/reservas\/\" \/>\n<meta property=\"og:locale\" content=\"es_ES\" \/>\n<meta property=\"og:type\" content=\"article\" \/>\n<meta property=\"og:title\" content=\"Reservas - FisioSedav\u00ed\" \/>\n<meta property=\"og:url\" content=\"https:\/\/fisiosedavi.es\/index.php\/reservas\/\" \/>\n<meta property=\"og:site_name\" content=\"FisioSedav\u00ed\" \/>\n<meta property=\"article:modified_time\" content=\"2026-02-26T16:40:26+00:00\" \/>\n<meta name=\"twitter:card\" content=\"summary_large_image\" \/>\n<script type=\"application\/ld+json\" class=\"yoast-schema-graph\">{\"@context\":\"https:\/\/schema.org\",\"@graph\":[{\"@type\":\"WebPage\",\"@id\":\"https:\/\/fisiosedavi.es\/index.php\/reservas\/\",\"url\":\"https:\/\/fisiosedavi.es\/index.php\/reservas\/\",\"name\":\"Reservas - FisioSedav\u00ed\",\"isPartOf\":{\"@id\":\"https:\/\/fisiosedavi.es\/#website\"},\"datePublished\":\"2026-02-26T16:40:24+00:00\",\"dateModified\":\"2026-02-26T16:40:26+00:00\",\"breadcrumb\":{\"@id\":\"https:\/\/fisiosedavi.es\/index.php\/reservas\/#breadcrumb\"},\"inLanguage\":\"es\",\"potentialAction\":[{\"@type\":\"ReadAction\",\"target\":[\"https:\/\/fisiosedavi.es\/index.php\/reservas\/\"]}]},{\"@type\":\"BreadcrumbList\",\"@id\":\"https:\/\/fisiosedavi.es\/index.php\/reservas\/#breadcrumb\",\"itemListElement\":[{\"@type\":\"ListItem\",\"position\":1,\"name\":\"Portada\",\"item\":\"https:\/\/fisiosedavi.es\/\"},{\"@type\":\"ListItem\",\"position\":2,\"name\":\"Reservas\"}]},{\"@type\":\"WebSite\",\"@id\":\"https:\/\/fisiosedavi.es\/#website\",\"url\":\"https:\/\/fisiosedavi.es\/\",\"name\":\"FisioSedav\u00ed\",\"description\":\"En Fisio Sedav\u00ed te ayudamos a recuperar tu bienestar con fisioterapia y clases terap\u00e9uticas. Atenci\u00f3n profesional y cercana en Sedav\u00ed.\",\"publisher\":{\"@id\":\"https:\/\/fisiosedavi.es\/#organization\"},\"potentialAction\":[{\"@type\":\"SearchAction\",\"target\":{\"@type\":\"EntryPoint\",\"urlTemplate\":\"https:\/\/fisiosedavi.es\/?s={search_term_string}\"},\"query-input\":{\"@type\":\"PropertyValueSpecification\",\"valueRequired\":true,\"valueName\":\"search_term_string\"}}],\"inLanguage\":\"es\"},{\"@type\":\"Organization\",\"@id\":\"https:\/\/fisiosedavi.es\/#organization\",\"name\":\"FisioSedav\u00ed\",\"url\":\"https:\/\/fisiosedavi.es\/\",\"logo\":{\"@type\":\"ImageObject\",\"inLanguage\":\"es\",\"@id\":\"https:\/\/fisiosedavi.es\/#\/schema\/logo\/image\/\",\"url\":\"https:\/\/fisiosedavi.es\/wp-content\/uploads\/2026\/02\/cropped-fisio-sedavi-logo-grande-SIN-FONDO.png\",\"contentUrl\":\"https:\/\/fisiosedavi.es\/wp-content\/uploads\/2026\/02\/cropped-fisio-sedavi-logo-grande-SIN-FONDO.png\",\"width\":640,\"height\":373,\"caption\":\"FisioSedav\u00ed\"},\"image\":{\"@id\":\"https:\/\/fisiosedavi.es\/#\/schema\/logo\/image\/\"}}]}<\/script>\n<!-- \/ Yoast SEO plugin. -->","yoast_head_json":{"title":"Reservas - FisioSedav\u00ed","robots":{"index":"index","follow":"follow","max-snippet":"max-snippet:-1","max-image-preview":"max-image-preview:large","max-video-preview":"max-video-preview:-1"},"canonical":"https:\/\/fisiosedavi.es\/index.php\/reservas\/","og_locale":"es_ES","og_type":"article","og_title":"Reservas - FisioSedav\u00ed","og_url":"https:\/\/fisiosedavi.es\/index.php\/reservas\/","og_site_name":"FisioSedav\u00ed","article_modified_time":"2026-02-26T16:40:26+00:00","twitter_card":"summary_large_image","schema":{"@context":"https:\/\/schema.org","@graph":[{"@type":"WebPage","@id":"https:\/\/fisiosedavi.es\/index.php\/reservas\/","url":"https:\/\/fisiosedavi.es\/index.php\/reservas\/","name":"Reservas - FisioSedav\u00ed","isPartOf":{"@id":"https:\/\/fisiosedavi.es\/#website"},"datePublished":"2026-02-26T16:40:24+00:00","dateModified":"2026-02-26T16:40:26+00:00","breadcrumb":{"@id":"https:\/\/fisiosedavi.es\/index.php\/reservas\/#breadcrumb"},"inLanguage":"es","potentialAction":[{"@type":"ReadAction","target":["https:\/\/fisiosedavi.es\/index.php\/reservas\/"]}]},{"@type":"BreadcrumbList","@id":"https:\/\/fisiosedavi.es\/index.php\/reservas\/#breadcrumb","itemListElement":[{"@type":"ListItem","position":1,"name":"Portada","item":"https:\/\/fisiosedavi.es\/"},{"@type":"ListItem","position":2,"name":"Reservas"}]},{"@type":"WebSite","@id":"https:\/\/fisiosedavi.es\/#website","url":"https:\/\/fisiosedavi.es\/","name":"FisioSedav\u00ed","description":"En Fisio Sedav\u00ed te ayudamos a recuperar tu bienestar con fisioterapia y clases terap\u00e9uticas. Atenci\u00f3n profesional y cercana en Sedav\u00ed.","publisher":{"@id":"https:\/\/fisiosedavi.es\/#organization"},"potentialAction":[{"@type":"SearchAction","target":{"@type":"EntryPoint","urlTemplate":"https:\/\/fisiosedavi.es\/?s={search_term_string}"},"query-input":{"@type":"PropertyValueSpecification","valueRequired":true,"valueName":"search_term_string"}}],"inLanguage":"es"},{"@type":"Organization","@id":"https:\/\/fisiosedavi.es\/#organization","name":"FisioSedav\u00ed","url":"https:\/\/fisiosedavi.es\/","logo":{"@type":"ImageObject","inLanguage":"es","@id":"https:\/\/fisiosedavi.es\/#\/schema\/logo\/image\/","url":"https:\/\/fisiosedavi.es\/wp-content\/uploads\/2026\/02\/cropped-fisio-sedavi-logo-grande-SIN-FONDO.png","contentUrl":"https:\/\/fisiosedavi.es\/wp-content\/uploads\/2026\/02\/cropped-fisio-sedavi-logo-grande-SIN-FONDO.png","width":640,"height":373,"caption":"FisioSedav\u00ed"},"image":{"@id":"https:\/\/fisiosedavi.es\/#\/schema\/logo\/image\/"}}]}},"_links":{"self":[{"href":"https:\/\/fisiosedavi.es\/index.php\/wp-json\/wp\/v2\/pages\/518","targetHints":{"allow":["GET"]}}],"collection":[{"href":"https:\/\/fisiosedavi.es\/index.php\/wp-json\/wp\/v2\/pages"}],"about":[{"href":"https:\/\/fisiosedavi.es\/index.php\/wp-json\/wp\/v2\/types\/page"}],"author":[{"embeddable":true,"href":"https:\/\/fisiosedavi.es\/index.php\/wp-json\/wp\/v2\/users\/1"}],"replies":[{"embeddable":true,"href":"https:\/\/fisiosedavi.es\/index.php\/wp-json\/wp\/v2\/comments?post=518"}],"version-history":[{"count":1,"href":"https:\/\/fisiosedavi.es\/index.php\/wp-json\/wp\/v2\/pages\/518\/revisions"}],"predecessor-version":[{"id":519,"href":"https:\/\/fisiosedavi.es\/index.php\/wp-json\/wp\/v2\/pages\/518\/revisions\/519"}],"wp:attachment":[{"href":"https:\/\/fisiosedavi.es\/index.php\/wp-json\/wp\/v2\/media?parent=518"}],"curies":[{"name":"wp","href":"https:\/\/api.w.org\/{rel}","templated":true}]}}