{"id":17,"date":"2026-02-12T10:50:49","date_gmt":"2026-02-12T10:50:49","guid":{"rendered":"https:\/\/fisiosedavi.es\/?page_id=17"},"modified":"2026-03-11T10:38:44","modified_gmt":"2026-03-11T10:38:44","slug":"clinica-de-fisioterapia-en-sedavi-fisio-sedavi","status":"publish","type":"page","link":"https:\/\/fisiosedavi.es\/","title":{"rendered":"Cl\u00ednica de Fisioterapia en Sedav\u00ed | Fisio Sedav\u00ed"},"content":{"rendered":"","protected":false},"excerpt":{"rendered":"","protected":false},"author":1,"featured_media":0,"parent":0,"menu_order":0,"comment_status":"closed","ping_status":"closed","template":"","meta":{"footnotes":""},"class_list":["post-17","page","type-page","status-publish","hentry"],"yoast_head":"<!-- This site is optimized with the Yoast SEO plugin v26.9 - https:\/\/yoast.com\/product\/yoast-seo-wordpress\/ -->\n<title>Cl\u00ednica de Fisioterapia en Sedav\u00ed | Fisio Sedav\u00ed - FisioSedav\u00ed<\/title>\n<meta name=\"description\" content=\"Tratamientos personalizados, clases terap\u00e9uticas y profesionales especializados para ayudarte a sentirte mejor desde la primera sesi\u00f3n.\" \/>\n<meta name=\"robots\" content=\"index, follow, max-snippet:-1, max-image-preview:large, max-video-preview:-1\" \/>\n<link rel=\"canonical\" href=\"https:\/\/fisiosedavi.es\/\" \/>\n<meta property=\"og:locale\" content=\"es_ES\" \/>\n<meta property=\"og:type\" content=\"article\" \/>\n<meta property=\"og:title\" content=\"Cl\u00ednica de Fisioterapia en Sedav\u00ed | Fisio Sedav\u00ed - FisioSedav\u00ed\" \/>\n<meta property=\"og:description\" content=\"Tratamientos personalizados, clases terap\u00e9uticas y profesionales especializados para ayudarte a sentirte mejor desde la primera sesi\u00f3n.\" \/>\n<meta property=\"og:url\" content=\"https:\/\/fisiosedavi.es\/\" \/>\n<meta property=\"og:site_name\" content=\"FisioSedav\u00ed\" \/>\n<meta property=\"article:modified_time\" content=\"2026-03-11T10:38:44+00:00\" \/>\n<meta name=\"twitter:card\" content=\"summary_large_image\" \/>\n<script type=\"application\/ld+json\" class=\"yoast-schema-graph\">{\"@context\":\"https:\/\/schema.org\",\"@graph\":[{\"@type\":\"WebPage\",\"@id\":\"https:\/\/fisiosedavi.es\/\",\"url\":\"https:\/\/fisiosedavi.es\/\",\"name\":\"Cl\u00ednica de Fisioterapia en Sedav\u00ed | Fisio Sedav\u00ed - FisioSedav\u00ed\",\"isPartOf\":{\"@id\":\"https:\/\/fisiosedavi.es\/#website\"},\"datePublished\":\"2026-02-12T10:50:49+00:00\",\"dateModified\":\"2026-03-11T10:38:44+00:00\",\"description\":\"Tratamientos personalizados, clases terap\u00e9uticas y profesionales especializados para ayudarte a sentirte mejor desde la primera sesi\u00f3n.\",\"breadcrumb\":{\"@id\":\"https:\/\/fisiosedavi.es\/#breadcrumb\"},\"inLanguage\":\"es\",\"potentialAction\":[{\"@type\":\"ReadAction\",\"target\":[\"https:\/\/fisiosedavi.es\/\"]}]},{\"@type\":\"BreadcrumbList\",\"@id\":\"https:\/\/fisiosedavi.es\/#breadcrumb\",\"itemListElement\":[{\"@type\":\"ListItem\",\"position\":1,\"name\":\"Portada\",\"item\":\"https:\/\/fisiosedavi.es\/\"},{\"@type\":\"ListItem\",\"position\":2,\"name\":\"Cl\u00ednica de Fisioterapia en Sedav\u00ed | Fisio Sedav\u00ed\"}]},{\"@type\":\"WebSite\",\"@id\":\"https:\/\/fisiosedavi.es\/#website\",\"url\":\"https:\/\/fisiosedavi.es\/\",\"name\":\"FisioSedav\u00ed\",\"description\":\"En Fisio Sedav\u00ed te ayudamos a recuperar tu bienestar con fisioterapia y clases terap\u00e9uticas. Atenci\u00f3n profesional y cercana en Sedav\u00ed.\",\"publisher\":{\"@id\":\"https:\/\/fisiosedavi.es\/#organization\"},\"potentialAction\":[{\"@type\":\"SearchAction\",\"target\":{\"@type\":\"EntryPoint\",\"urlTemplate\":\"https:\/\/fisiosedavi.es\/?s={search_term_string}\"},\"query-input\":{\"@type\":\"PropertyValueSpecification\",\"valueRequired\":true,\"valueName\":\"search_term_string\"}}],\"inLanguage\":\"es\"},{\"@type\":\"Organization\",\"@id\":\"https:\/\/fisiosedavi.es\/#organization\",\"name\":\"FisioSedav\u00ed\",\"url\":\"https:\/\/fisiosedavi.es\/\",\"logo\":{\"@type\":\"ImageObject\",\"inLanguage\":\"es\",\"@id\":\"https:\/\/fisiosedavi.es\/#\/schema\/logo\/image\/\",\"url\":\"https:\/\/fisiosedavi.es\/wp-content\/uploads\/2026\/02\/cropped-fisio-sedavi-logo-grande-SIN-FONDO.png\",\"contentUrl\":\"https:\/\/fisiosedavi.es\/wp-content\/uploads\/2026\/02\/cropped-fisio-sedavi-logo-grande-SIN-FONDO.png\",\"width\":640,\"height\":373,\"caption\":\"FisioSedav\u00ed\"},\"image\":{\"@id\":\"https:\/\/fisiosedavi.es\/#\/schema\/logo\/image\/\"}}]}<\/script>\n<!-- \/ Yoast SEO plugin. -->","yoast_head_json":{"title":"Cl\u00ednica de Fisioterapia en Sedav\u00ed | Fisio Sedav\u00ed - FisioSedav\u00ed","description":"Tratamientos personalizados, clases terap\u00e9uticas y profesionales especializados para ayudarte a sentirte mejor desde la primera sesi\u00f3n.","robots":{"index":"index","follow":"follow","max-snippet":"max-snippet:-1","max-image-preview":"max-image-preview:large","max-video-preview":"max-video-preview:-1"},"canonical":"https:\/\/fisiosedavi.es\/","og_locale":"es_ES","og_type":"article","og_title":"Cl\u00ednica de Fisioterapia en Sedav\u00ed | Fisio Sedav\u00ed - FisioSedav\u00ed","og_description":"Tratamientos personalizados, clases terap\u00e9uticas y profesionales especializados para ayudarte a sentirte mejor desde la primera sesi\u00f3n.","og_url":"https:\/\/fisiosedavi.es\/","og_site_name":"FisioSedav\u00ed","article_modified_time":"2026-03-11T10:38:44+00:00","twitter_card":"summary_large_image","schema":{"@context":"https:\/\/schema.org","@graph":[{"@type":"WebPage","@id":"https:\/\/fisiosedavi.es\/","url":"https:\/\/fisiosedavi.es\/","name":"Cl\u00ednica de Fisioterapia en Sedav\u00ed | Fisio Sedav\u00ed - FisioSedav\u00ed","isPartOf":{"@id":"https:\/\/fisiosedavi.es\/#website"},"datePublished":"2026-02-12T10:50:49+00:00","dateModified":"2026-03-11T10:38:44+00:00","description":"Tratamientos personalizados, clases terap\u00e9uticas y profesionales especializados para ayudarte a sentirte mejor desde la primera sesi\u00f3n.","breadcrumb":{"@id":"https:\/\/fisiosedavi.es\/#breadcrumb"},"inLanguage":"es","potentialAction":[{"@type":"ReadAction","target":["https:\/\/fisiosedavi.es\/"]}]},{"@type":"BreadcrumbList","@id":"https:\/\/fisiosedavi.es\/#breadcrumb","itemListElement":[{"@type":"ListItem","position":1,"name":"Portada","item":"https:\/\/fisiosedavi.es\/"},{"@type":"ListItem","position":2,"name":"Cl\u00ednica de Fisioterapia en Sedav\u00ed | Fisio Sedav\u00ed"}]},{"@type":"WebSite","@id":"https:\/\/fisiosedavi.es\/#website","url":"https:\/\/fisiosedavi.es\/","name":"FisioSedav\u00ed","description":"En Fisio Sedav\u00ed te ayudamos a recuperar tu bienestar con fisioterapia y clases terap\u00e9uticas. Atenci\u00f3n profesional y cercana en Sedav\u00ed.","publisher":{"@id":"https:\/\/fisiosedavi.es\/#organization"},"potentialAction":[{"@type":"SearchAction","target":{"@type":"EntryPoint","urlTemplate":"https:\/\/fisiosedavi.es\/?s={search_term_string}"},"query-input":{"@type":"PropertyValueSpecification","valueRequired":true,"valueName":"search_term_string"}}],"inLanguage":"es"},{"@type":"Organization","@id":"https:\/\/fisiosedavi.es\/#organization","name":"FisioSedav\u00ed","url":"https:\/\/fisiosedavi.es\/","logo":{"@type":"ImageObject","inLanguage":"es","@id":"https:\/\/fisiosedavi.es\/#\/schema\/logo\/image\/","url":"https:\/\/fisiosedavi.es\/wp-content\/uploads\/2026\/02\/cropped-fisio-sedavi-logo-grande-SIN-FONDO.png","contentUrl":"https:\/\/fisiosedavi.es\/wp-content\/uploads\/2026\/02\/cropped-fisio-sedavi-logo-grande-SIN-FONDO.png","width":640,"height":373,"caption":"FisioSedav\u00ed"},"image":{"@id":"https:\/\/fisiosedavi.es\/#\/schema\/logo\/image\/"}}]}},"_links":{"self":[{"href":"https:\/\/fisiosedavi.es\/index.php\/wp-json\/wp\/v2\/pages\/17","targetHints":{"allow":["GET"]}}],"collection":[{"href":"https:\/\/fisiosedavi.es\/index.php\/wp-json\/wp\/v2\/pages"}],"about":[{"href":"https:\/\/fisiosedavi.es\/index.php\/wp-json\/wp\/v2\/types\/page"}],"author":[{"embeddable":true,"href":"https:\/\/fisiosedavi.es\/index.php\/wp-json\/wp\/v2\/users\/1"}],"replies":[{"embeddable":true,"href":"https:\/\/fisiosedavi.es\/index.php\/wp-json\/wp\/v2\/comments?post=17"}],"version-history":[{"count":1,"href":"https:\/\/fisiosedavi.es\/index.php\/wp-json\/wp\/v2\/pages\/17\/revisions"}],"predecessor-version":[{"id":18,"href":"https:\/\/fisiosedavi.es\/index.php\/wp-json\/wp\/v2\/pages\/17\/revisions\/18"}],"wp:attachment":[{"href":"https:\/\/fisiosedavi.es\/index.php\/wp-json\/wp\/v2\/media?parent=17"}],"curies":[{"name":"wp","href":"https:\/\/api.w.org\/{rel}","templated":true}]}}